{"id":90,"date":"2015-12-31T10:26:26","date_gmt":"2015-12-31T10:26:26","guid":{"rendered":"https:\/\/blog.transformando.org\/?page_id=90"},"modified":"2015-12-31T10:26:26","modified_gmt":"2015-12-31T10:26:26","slug":"audiovisuales","status":"publish","type":"page","link":"https:\/\/blog.transformando.org\/index.php\/audiovisuales\/","title":{"rendered":"AUDIOVISUALES"},"content":{"rendered":"<p>&nbsp;<\/p>\n<p>Peque\u00f1o v\u00eddeo con algunas im\u00e1genes de un viaje por Laos, Camboya y Tailandia<\/p>\n<p><a href=\"https:\/\/youtu.be\/GPD0a6dKWF8\" target=\"_blank\" rel=\"noopener noreferrer\">https:\/\/youtu.be\/GPD0a6dKWF8<\/a><\/p>\n<p>Per\u00fa: Parece el circo, pero no lo es:<\/p>\n<p><a href=\"http:\/\/wp.me\/p6MBM0-82\">http:\/\/wp.me\/p6MBM0-82<\/a><\/p>\n<p>&nbsp;<\/p>\n<p>&nbsp;<\/p>\n<p>&nbsp;<\/p>\n","protected":false},"excerpt":{"rendered":"<p>&nbsp; Peque\u00f1o v\u00eddeo con algunas im\u00e1genes de un viaje por Laos, Camboya y Tailandia https:\/\/youtu.be\/GPD0a6dKWF8 Per\u00fa: Parece el circo, pero no lo es: http:\/\/wp.me\/p6MBM0-82 &nbsp; &nbsp; &nbsp;<\/p>\n","protected":false},"author":2,"featured_media":0,"parent":0,"menu_order":0,"comment_status":"closed","ping_status":"closed","template":"","meta":{"footnotes":""},"yoast_head":"<!-- This site is optimized with the Yoast SEO plugin v24.5 - https:\/\/yoast.com\/wordpress\/plugins\/seo\/ -->\n<title>AUDIOVISUALES - Imagenes y palabras del mundo<\/title>\n<meta name=\"robots\" content=\"index, follow, max-snippet:-1, max-image-preview:large, max-video-preview:-1\" \/>\n<link rel=\"canonical\" href=\"https:\/\/blog.transformando.org\/index.php\/audiovisuales\/\" \/>\n<meta property=\"og:locale\" content=\"es_ES\" \/>\n<meta property=\"og:type\" content=\"article\" \/>\n<meta property=\"og:title\" content=\"AUDIOVISUALES - Imagenes y palabras del mundo\" \/>\n<meta property=\"og:description\" content=\"&nbsp; Peque\u00f1o v\u00eddeo con algunas im\u00e1genes de un viaje por Laos, Camboya y Tailandia https:\/\/youtu.be\/GPD0a6dKWF8 Per\u00fa: Parece el circo, pero no lo es: http:\/\/wp.me\/p6MBM0-82 &nbsp; &nbsp; &nbsp;\" \/>\n<meta property=\"og:url\" content=\"https:\/\/blog.transformando.org\/index.php\/audiovisuales\/\" \/>\n<meta property=\"og:site_name\" content=\"Imagenes y palabras del mundo\" \/>\n<meta name=\"twitter:card\" content=\"summary_large_image\" \/>\n<script type=\"application\/ld+json\" class=\"yoast-schema-graph\">{\"@context\":\"https:\/\/schema.org\",\"@graph\":[{\"@type\":\"WebPage\",\"@id\":\"https:\/\/blog.transformando.org\/index.php\/audiovisuales\/\",\"url\":\"https:\/\/blog.transformando.org\/index.php\/audiovisuales\/\",\"name\":\"AUDIOVISUALES - Imagenes y palabras del mundo\",\"isPartOf\":{\"@id\":\"https:\/\/blog.transformando.org\/#website\"},\"datePublished\":\"2015-12-31T10:26:26+00:00\",\"breadcrumb\":{\"@id\":\"https:\/\/blog.transformando.org\/index.php\/audiovisuales\/#breadcrumb\"},\"inLanguage\":\"es\",\"potentialAction\":[{\"@type\":\"ReadAction\",\"target\":[\"https:\/\/blog.transformando.org\/index.php\/audiovisuales\/\"]}]},{\"@type\":\"BreadcrumbList\",\"@id\":\"https:\/\/blog.transformando.org\/index.php\/audiovisuales\/#breadcrumb\",\"itemListElement\":[{\"@type\":\"ListItem\",\"position\":1,\"name\":\"Home\",\"item\":\"https:\/\/blog.transformando.org\/\"},{\"@type\":\"ListItem\",\"position\":2,\"name\":\"AUDIOVISUALES\"}]},{\"@type\":\"WebSite\",\"@id\":\"https:\/\/blog.transformando.org\/#website\",\"url\":\"https:\/\/blog.transformando.org\/\",\"name\":\"Imagenes y palabras del mundo\",\"description\":\"Fotos, textos, diarios, pinturas del mundo. Elaboradas por Jos\u00e9 M\u00aa Men\u00e9ndez\",\"potentialAction\":[{\"@type\":\"SearchAction\",\"target\":{\"@type\":\"EntryPoint\",\"urlTemplate\":\"https:\/\/blog.transformando.org\/?s={search_term_string}\"},\"query-input\":{\"@type\":\"PropertyValueSpecification\",\"valueRequired\":true,\"valueName\":\"search_term_string\"}}],\"inLanguage\":\"es\"}]}<\/script>\n<!-- \/ Yoast SEO plugin. -->","yoast_head_json":{"title":"AUDIOVISUALES - Imagenes y palabras del mundo","robots":{"index":"index","follow":"follow","max-snippet":"max-snippet:-1","max-image-preview":"max-image-preview:large","max-video-preview":"max-video-preview:-1"},"canonical":"https:\/\/blog.transformando.org\/index.php\/audiovisuales\/","og_locale":"es_ES","og_type":"article","og_title":"AUDIOVISUALES - Imagenes y palabras del mundo","og_description":"&nbsp; Peque\u00f1o v\u00eddeo con algunas im\u00e1genes de un viaje por Laos, Camboya y Tailandia https:\/\/youtu.be\/GPD0a6dKWF8 Per\u00fa: Parece el circo, pero no lo es: http:\/\/wp.me\/p6MBM0-82 &nbsp; &nbsp; &nbsp;","og_url":"https:\/\/blog.transformando.org\/index.php\/audiovisuales\/","og_site_name":"Imagenes y palabras del mundo","twitter_card":"summary_large_image","schema":{"@context":"https:\/\/schema.org","@graph":[{"@type":"WebPage","@id":"https:\/\/blog.transformando.org\/index.php\/audiovisuales\/","url":"https:\/\/blog.transformando.org\/index.php\/audiovisuales\/","name":"AUDIOVISUALES - Imagenes y palabras del mundo","isPartOf":{"@id":"https:\/\/blog.transformando.org\/#website"},"datePublished":"2015-12-31T10:26:26+00:00","breadcrumb":{"@id":"https:\/\/blog.transformando.org\/index.php\/audiovisuales\/#breadcrumb"},"inLanguage":"es","potentialAction":[{"@type":"ReadAction","target":["https:\/\/blog.transformando.org\/index.php\/audiovisuales\/"]}]},{"@type":"BreadcrumbList","@id":"https:\/\/blog.transformando.org\/index.php\/audiovisuales\/#breadcrumb","itemListElement":[{"@type":"ListItem","position":1,"name":"Home","item":"https:\/\/blog.transformando.org\/"},{"@type":"ListItem","position":2,"name":"AUDIOVISUALES"}]},{"@type":"WebSite","@id":"https:\/\/blog.transformando.org\/#website","url":"https:\/\/blog.transformando.org\/","name":"Imagenes y palabras del mundo","description":"Fotos, textos, diarios, pinturas del mundo. Elaboradas por Jos\u00e9 M\u00aa Men\u00e9ndez","potentialAction":[{"@type":"SearchAction","target":{"@type":"EntryPoint","urlTemplate":"https:\/\/blog.transformando.org\/?s={search_term_string}"},"query-input":{"@type":"PropertyValueSpecification","valueRequired":true,"valueName":"search_term_string"}}],"inLanguage":"es"}]}},"_links":{"self":[{"href":"https:\/\/blog.transformando.org\/index.php\/wp-json\/wp\/v2\/pages\/90"}],"collection":[{"href":"https:\/\/blog.transformando.org\/index.php\/wp-json\/wp\/v2\/pages"}],"about":[{"href":"https:\/\/blog.transformando.org\/index.php\/wp-json\/wp\/v2\/types\/page"}],"author":[{"embeddable":true,"href":"https:\/\/blog.transformando.org\/index.php\/wp-json\/wp\/v2\/users\/2"}],"replies":[{"embeddable":true,"href":"https:\/\/blog.transformando.org\/index.php\/wp-json\/wp\/v2\/comments?post=90"}],"version-history":[{"count":0,"href":"https:\/\/blog.transformando.org\/index.php\/wp-json\/wp\/v2\/pages\/90\/revisions"}],"wp:attachment":[{"href":"https:\/\/blog.transformando.org\/index.php\/wp-json\/wp\/v2\/media?parent=90"}],"curies":[{"name":"wp","href":"https:\/\/api.w.org\/{rel}","templated":true}]}}