{"id":5437,"date":"2023-08-16T18:28:37","date_gmt":"2023-08-16T17:28:37","guid":{"rendered":"https:\/\/blog.transformando.org\/?page_id=5437"},"modified":"2024-03-04T08:35:42","modified_gmt":"2024-03-04T07:35:42","slug":"consultoria-en-el-sur-global","status":"publish","type":"page","link":"https:\/\/blog.transformando.org\/index.php\/consultoria-en-el-sur-global\/","title":{"rendered":"Consultor\u00eda en el Sur Global"},"content":{"rendered":"\n<p><\/p>\n\n\n\n<p>PALESTINA<\/p>\n\n\n\n<p><a href=\"https:\/\/blog.transformando.org\/wp-admin\/post.php?post=5533&amp;action=edit\">Hero\u00ednas y h\u00e9roes de Gaza<\/a><\/p>\n\n\n\n<p><a href=\"https:\/\/blog.transformando.org\/wp-admin\/post.php?post=2446&amp;action=edit\">Palestina revisitada 2018<\/a><\/p>\n\n\n\n<p><a href=\"https:\/\/blog.transformando.org\/wp-admin\/post.php?post=1256&amp;action=edit\">FREE PALESTINE!<\/a><\/p>\n\n\n\n<p><a href=\"https:\/\/blog.transformando.org\/wp-admin\/post.php?post=5102&amp;action=edit\">20.000 Km de consultor\u00eda social<\/a><\/p>\n\n\n\n<p>TANZANIA<\/p>\n\n\n\n<p><a href=\"https:\/\/blog.transformando.org\/wp-admin\/post.php?post=4829&amp;action=edit\">TANZANIA, MILAGROS BARATOS.<\/a><\/p>\n\n\n\n<p>MOZAMBIQUE<\/p>\n\n\n\n<p><a href=\"https:\/\/blog.transformando.org\/wp-admin\/post.php?post=3289&amp;action=edit\">MOZAMBIQUE, PRIMERA PARTE JUNIO 2018<\/a><\/p>\n\n\n\n<p><a href=\"https:\/\/blog.transformando.org\/wp-admin\/post.php?post=3673&amp;action=edit\">MOZAMBIQUE, SEGUNDA PARTE<\/a><\/p>\n\n\n\n<p><a href=\"https:\/\/blog.transformando.org\/wp-admin\/post.php?post=4738&amp;action=edit\">MOZAMBIQUE, TERCER VIAJE. TRABAJO, F\u00daTBOL, MAR Y M\u00c1S.<\/a><\/p>\n\n\n\n<p><a href=\"https:\/\/blog.transformando.org\/wp-admin\/post.php?post=5316&amp;action=edit\">Quinto viaje a Mozambique<\/a><\/p>\n\n\n\n<p>NICARAGUA: PERSONAS<\/p>\n\n\n\n<figure class=\"wp-block-embed is-type-wp-embed is-provider-im-genes-y-palabras-del-mundo wp-block-embed-im-genes-y-palabras-del-mundo\"><div class=\"wp-block-embed__wrapper\">\n<blockquote class=\"wp-embedded-content\" data-secret=\"EWv8gUk3bo\"><a href=\"https:\/\/imagenesypalabrasdelmundo.wordpress.com\/nicaragua-personas-people\/\">NICARAGUA: PERSONAS \/&nbsp;PEOPLE<\/a><\/blockquote><iframe class=\"wp-embedded-content\" sandbox=\"allow-scripts\" security=\"restricted\" style=\"position: absolute; clip: rect(1px, 1px, 1px, 1px);\" title=\"\u00abNICARAGUA: PERSONAS \/&nbsp;PEOPLE\u00bb \u2014 Im\u00e1genes y palabras del mundo\" src=\"https:\/\/imagenesypalabrasdelmundo.wordpress.com\/nicaragua-personas-people\/embed\/#?secret=7oA9qHNNMp#?secret=EWv8gUk3bo\" data-secret=\"EWv8gUk3bo\" width=\"600\" height=\"338\" frameborder=\"0\" marginwidth=\"0\" marginheight=\"0\" scrolling=\"no\"><\/iframe>\n<\/div><\/figure>\n","protected":false},"excerpt":{"rendered":"<p>PALESTINA Hero\u00ednas y h\u00e9roes de Gaza Palestina revisitada 2018 FREE PALESTINE! 20.000 Km de consultor\u00eda social TANZANIA TANZANIA, MILAGROS BARATOS. MOZAMBIQUE MOZAMBIQUE, PRIMERA PARTE JUNIO 2018 MOZAMBIQUE, SEGUNDA PARTE MOZAMBIQUE, TERCER VIAJE. TRABAJO, F\u00daTBOL, MAR Y M\u00c1S. Quinto viaje a Mozambique NICARAGUA: PERSONAS<\/p>\n","protected":false},"author":2,"featured_media":0,"parent":0,"menu_order":0,"comment_status":"closed","ping_status":"closed","template":"","meta":{"footnotes":""},"yoast_head":"<!-- This site is optimized with the Yoast SEO plugin v24.5 - https:\/\/yoast.com\/wordpress\/plugins\/seo\/ -->\n<title>Consultor\u00eda en el Sur Global - Imagenes y palabras del mundo<\/title>\n<meta name=\"robots\" content=\"index, follow, max-snippet:-1, max-image-preview:large, max-video-preview:-1\" \/>\n<link rel=\"canonical\" href=\"https:\/\/blog.transformando.org\/index.php\/consultoria-en-el-sur-global\/\" \/>\n<meta property=\"og:locale\" content=\"es_ES\" \/>\n<meta property=\"og:type\" content=\"article\" \/>\n<meta property=\"og:title\" content=\"Consultor\u00eda en el Sur Global - Imagenes y palabras del mundo\" \/>\n<meta property=\"og:description\" content=\"PALESTINA Hero\u00ednas y h\u00e9roes de Gaza Palestina revisitada 2018 FREE PALESTINE! 20.000 Km de consultor\u00eda social TANZANIA TANZANIA, MILAGROS BARATOS. MOZAMBIQUE MOZAMBIQUE, PRIMERA PARTE JUNIO 2018 MOZAMBIQUE, SEGUNDA PARTE MOZAMBIQUE, TERCER VIAJE. TRABAJO, F\u00daTBOL, MAR Y M\u00c1S. Quinto viaje a Mozambique NICARAGUA: PERSONAS\" \/>\n<meta property=\"og:url\" content=\"https:\/\/blog.transformando.org\/index.php\/consultoria-en-el-sur-global\/\" \/>\n<meta property=\"og:site_name\" content=\"Imagenes y palabras del mundo\" \/>\n<meta property=\"article:modified_time\" content=\"2024-03-04T07:35:42+00:00\" \/>\n<meta name=\"twitter:card\" content=\"summary_large_image\" \/>\n<meta name=\"twitter:label1\" content=\"Tiempo de lectura\" \/>\n\t<meta name=\"twitter:data1\" content=\"1 minuto\" \/>\n<script type=\"application\/ld+json\" class=\"yoast-schema-graph\">{\"@context\":\"https:\/\/schema.org\",\"@graph\":[{\"@type\":\"WebPage\",\"@id\":\"https:\/\/blog.transformando.org\/index.php\/consultoria-en-el-sur-global\/\",\"url\":\"https:\/\/blog.transformando.org\/index.php\/consultoria-en-el-sur-global\/\",\"name\":\"Consultor\u00eda en el Sur Global - Imagenes y palabras del mundo\",\"isPartOf\":{\"@id\":\"https:\/\/blog.transformando.org\/#website\"},\"datePublished\":\"2023-08-16T17:28:37+00:00\",\"dateModified\":\"2024-03-04T07:35:42+00:00\",\"breadcrumb\":{\"@id\":\"https:\/\/blog.transformando.org\/index.php\/consultoria-en-el-sur-global\/#breadcrumb\"},\"inLanguage\":\"es\",\"potentialAction\":[{\"@type\":\"ReadAction\",\"target\":[\"https:\/\/blog.transformando.org\/index.php\/consultoria-en-el-sur-global\/\"]}]},{\"@type\":\"BreadcrumbList\",\"@id\":\"https:\/\/blog.transformando.org\/index.php\/consultoria-en-el-sur-global\/#breadcrumb\",\"itemListElement\":[{\"@type\":\"ListItem\",\"position\":1,\"name\":\"Home\",\"item\":\"https:\/\/blog.transformando.org\/\"},{\"@type\":\"ListItem\",\"position\":2,\"name\":\"Consultor\u00eda en el Sur Global\"}]},{\"@type\":\"WebSite\",\"@id\":\"https:\/\/blog.transformando.org\/#website\",\"url\":\"https:\/\/blog.transformando.org\/\",\"name\":\"Imagenes y palabras del mundo\",\"description\":\"Fotos, textos, diarios, pinturas del mundo. Elaboradas por Jos\u00e9 M\u00aa Men\u00e9ndez\",\"potentialAction\":[{\"@type\":\"SearchAction\",\"target\":{\"@type\":\"EntryPoint\",\"urlTemplate\":\"https:\/\/blog.transformando.org\/?s={search_term_string}\"},\"query-input\":{\"@type\":\"PropertyValueSpecification\",\"valueRequired\":true,\"valueName\":\"search_term_string\"}}],\"inLanguage\":\"es\"}]}<\/script>\n<!-- \/ Yoast SEO plugin. -->","yoast_head_json":{"title":"Consultor\u00eda en el Sur Global - Imagenes y palabras del mundo","robots":{"index":"index","follow":"follow","max-snippet":"max-snippet:-1","max-image-preview":"max-image-preview:large","max-video-preview":"max-video-preview:-1"},"canonical":"https:\/\/blog.transformando.org\/index.php\/consultoria-en-el-sur-global\/","og_locale":"es_ES","og_type":"article","og_title":"Consultor\u00eda en el Sur Global - Imagenes y palabras del mundo","og_description":"PALESTINA Hero\u00ednas y h\u00e9roes de Gaza Palestina revisitada 2018 FREE PALESTINE! 20.000 Km de consultor\u00eda social TANZANIA TANZANIA, MILAGROS BARATOS. MOZAMBIQUE MOZAMBIQUE, PRIMERA PARTE JUNIO 2018 MOZAMBIQUE, SEGUNDA PARTE MOZAMBIQUE, TERCER VIAJE. TRABAJO, F\u00daTBOL, MAR Y M\u00c1S. Quinto viaje a Mozambique NICARAGUA: PERSONAS","og_url":"https:\/\/blog.transformando.org\/index.php\/consultoria-en-el-sur-global\/","og_site_name":"Imagenes y palabras del mundo","article_modified_time":"2024-03-04T07:35:42+00:00","twitter_card":"summary_large_image","twitter_misc":{"Tiempo de lectura":"1 minuto"},"schema":{"@context":"https:\/\/schema.org","@graph":[{"@type":"WebPage","@id":"https:\/\/blog.transformando.org\/index.php\/consultoria-en-el-sur-global\/","url":"https:\/\/blog.transformando.org\/index.php\/consultoria-en-el-sur-global\/","name":"Consultor\u00eda en el Sur Global - Imagenes y palabras del mundo","isPartOf":{"@id":"https:\/\/blog.transformando.org\/#website"},"datePublished":"2023-08-16T17:28:37+00:00","dateModified":"2024-03-04T07:35:42+00:00","breadcrumb":{"@id":"https:\/\/blog.transformando.org\/index.php\/consultoria-en-el-sur-global\/#breadcrumb"},"inLanguage":"es","potentialAction":[{"@type":"ReadAction","target":["https:\/\/blog.transformando.org\/index.php\/consultoria-en-el-sur-global\/"]}]},{"@type":"BreadcrumbList","@id":"https:\/\/blog.transformando.org\/index.php\/consultoria-en-el-sur-global\/#breadcrumb","itemListElement":[{"@type":"ListItem","position":1,"name":"Home","item":"https:\/\/blog.transformando.org\/"},{"@type":"ListItem","position":2,"name":"Consultor\u00eda en el Sur Global"}]},{"@type":"WebSite","@id":"https:\/\/blog.transformando.org\/#website","url":"https:\/\/blog.transformando.org\/","name":"Imagenes y palabras del mundo","description":"Fotos, textos, diarios, pinturas del mundo. Elaboradas por Jos\u00e9 M\u00aa Men\u00e9ndez","potentialAction":[{"@type":"SearchAction","target":{"@type":"EntryPoint","urlTemplate":"https:\/\/blog.transformando.org\/?s={search_term_string}"},"query-input":{"@type":"PropertyValueSpecification","valueRequired":true,"valueName":"search_term_string"}}],"inLanguage":"es"}]}},"_links":{"self":[{"href":"https:\/\/blog.transformando.org\/index.php\/wp-json\/wp\/v2\/pages\/5437"}],"collection":[{"href":"https:\/\/blog.transformando.org\/index.php\/wp-json\/wp\/v2\/pages"}],"about":[{"href":"https:\/\/blog.transformando.org\/index.php\/wp-json\/wp\/v2\/types\/page"}],"author":[{"embeddable":true,"href":"https:\/\/blog.transformando.org\/index.php\/wp-json\/wp\/v2\/users\/2"}],"replies":[{"embeddable":true,"href":"https:\/\/blog.transformando.org\/index.php\/wp-json\/wp\/v2\/comments?post=5437"}],"version-history":[{"count":7,"href":"https:\/\/blog.transformando.org\/index.php\/wp-json\/wp\/v2\/pages\/5437\/revisions"}],"predecessor-version":[{"id":5867,"href":"https:\/\/blog.transformando.org\/index.php\/wp-json\/wp\/v2\/pages\/5437\/revisions\/5867"}],"wp:attachment":[{"href":"https:\/\/blog.transformando.org\/index.php\/wp-json\/wp\/v2\/media?parent=5437"}],"curies":[{"name":"wp","href":"https:\/\/api.w.org\/{rel}","templated":true}]}}