{"id":541,"date":"2016-01-10T13:16:58","date_gmt":"2016-01-10T12:16:58","guid":{"rendered":"https:\/\/blog.transformando.org\/?page_id=501"},"modified":"2016-01-10T13:16:58","modified_gmt":"2016-01-10T12:16:58","slug":"fotos-antiguas","status":"publish","type":"page","link":"https:\/\/blog.transformando.org\/index.php\/fotos-antiguas\/","title":{"rendered":"FOTOS ANTIGUAS"},"content":{"rendered":"<figure id=\"attachment_502\" aria-describedby=\"caption-attachment-502\" style=\"width: 840px\" class=\"wp-caption alignnone\"><a href=\"https:\/\/blog.transformando.org\/wp-content\/uploads\/2016\/01\/p1250747.jpg\" rel=\"attachment wp-att-502\"><img loading=\"lazy\" decoding=\"async\" class=\"wp-image-502 size-full\" src=\"https:\/\/blog.transformando.org\/wp-content\/uploads\/2016\/01\/p1250747.jpg\" alt=\"P1250747\" width=\"840\" height=\"630\" \/><\/a><figcaption id=\"caption-attachment-502\" class=\"wp-caption-text\">Desfilando por San Ildefonso. Aproximadamente 1950. Justo la calle de la Reina, a la altura del actual Parador (en ese momento casa de Infantes). El que va de pi\u00e9 es mi padre, alferez del \u00abIMEC\u00bb en ese entonces. Los ca\u00f1ones son \u00ab88\u00bb donados por los alemanes. Estos ca\u00f1ones estaban trucados (por los propios alemanes) para que no apuntaran bien, pero uno de los soldados fue capaz de detectarlo y corregirlo.<\/figcaption><\/figure>\n<figure id=\"attachment_503\" aria-describedby=\"caption-attachment-503\" style=\"width: 840px\" class=\"wp-caption alignnone\"><a href=\"https:\/\/blog.transformando.org\/wp-content\/uploads\/2016\/01\/p1250629.jpg\" rel=\"attachment wp-att-503\"><img loading=\"lazy\" decoding=\"async\" class=\"wp-image-503 size-full\" src=\"https:\/\/blog.transformando.org\/wp-content\/uploads\/2016\/01\/p1250629.jpg\" alt=\"P1250629\" width=\"840\" height=\"1120\" \/><\/a><figcaption id=\"caption-attachment-503\" class=\"wp-caption-text\">Cartel de corrida de toros en San Ildefonso. Serigrafiado en seda. Tiene la curiosidad (a\u00f1adida) de que dos de mis bisabuelos aparecen como banderilleros: Men\u00e9ndez y Heras. Afortunadamente no siguieron en esas faenas.<\/figcaption><\/figure>\n<figure id=\"attachment_504\" aria-describedby=\"caption-attachment-504\" style=\"width: 840px\" class=\"wp-caption alignnone\"><a href=\"https:\/\/blog.transformando.org\/wp-content\/uploads\/2016\/01\/p1250631.jpg\" rel=\"attachment wp-att-504\"><img loading=\"lazy\" decoding=\"async\" class=\"wp-image-504 size-full\" src=\"https:\/\/blog.transformando.org\/wp-content\/uploads\/2016\/01\/p1250631.jpg\" alt=\"P1250631\" width=\"840\" height=\"1120\" \/><\/a><figcaption id=\"caption-attachment-504\" class=\"wp-caption-text\">La infanta Isabel de Borb\u00f3n \u00abLa Chata\u00bb, dedicaci\u00f3n a mi tatarabuelo, alabardero de la guardia y quien sabe si algo m\u00e1s&#8230;<\/figcaption><\/figure>\n<figure id=\"attachment_505\" aria-describedby=\"caption-attachment-505\" style=\"width: 840px\" class=\"wp-caption alignnone\"><a href=\"https:\/\/blog.transformando.org\/wp-content\/uploads\/2016\/01\/p1250746.jpg\" rel=\"attachment wp-att-505\"><img loading=\"lazy\" decoding=\"async\" class=\"wp-image-505 size-full\" src=\"https:\/\/blog.transformando.org\/wp-content\/uploads\/2016\/01\/p1250746.jpg\" alt=\"P1250746\" width=\"840\" height=\"630\" \/><\/a><figcaption id=\"caption-attachment-505\" class=\"wp-caption-text\">En el puerto de Navacerrada. MI padre y mi t\u00eda. Se aprecia el yugo y las flechas. El coche era un \u00abOndine\u00bb (gordini en castizo). Lo llamaban el coche de las viudas porque era r\u00e1pido y poco seguro. MI t\u00eda era una de las \u00abobreras\u00bb de la f\u00e1brica de mi t\u00edo. Se cas\u00f3 por dinero, pero siempre fue fiel a mi t\u00edo, que no lo fue.<\/figcaption><\/figure>\n<p><a href=\"https:\/\/blog.transformando.org\/wp-content\/uploads\/2016\/01\/foto-del-abuelo-en-el-peric3b3dico.pptx\">foto del abuelo en el peri\u00f3dico<\/a><\/p>\n","protected":false},"excerpt":{"rendered":"<p>foto del abuelo en el peri\u00f3dico<\/p>\n","protected":false},"author":2,"featured_media":0,"parent":0,"menu_order":0,"comment_status":"closed","ping_status":"closed","template":"","meta":{"footnotes":""},"yoast_head":"<!-- This site is optimized with the Yoast SEO plugin v24.5 - https:\/\/yoast.com\/wordpress\/plugins\/seo\/ -->\n<title>FOTOS ANTIGUAS - Imagenes y palabras del mundo<\/title>\n<meta name=\"robots\" content=\"index, follow, max-snippet:-1, max-image-preview:large, max-video-preview:-1\" \/>\n<link rel=\"canonical\" href=\"https:\/\/blog.transformando.org\/index.php\/fotos-antiguas\/\" \/>\n<meta property=\"og:locale\" content=\"es_ES\" \/>\n<meta property=\"og:type\" content=\"article\" \/>\n<meta property=\"og:title\" content=\"FOTOS ANTIGUAS - Imagenes y palabras del mundo\" \/>\n<meta property=\"og:description\" content=\"foto del abuelo en el peri\u00f3dico\" \/>\n<meta property=\"og:url\" content=\"https:\/\/blog.transformando.org\/index.php\/fotos-antiguas\/\" \/>\n<meta property=\"og:site_name\" content=\"Imagenes y palabras del mundo\" \/>\n<meta property=\"og:image\" content=\"https:\/\/blog.transformando.org\/wp-content\/uploads\/2016\/01\/p1250747.jpg\" \/>\n<meta name=\"twitter:card\" content=\"summary_large_image\" \/>\n<meta name=\"twitter:label1\" content=\"Tiempo de lectura\" \/>\n\t<meta name=\"twitter:data1\" content=\"1 minuto\" \/>\n<script type=\"application\/ld+json\" class=\"yoast-schema-graph\">{\"@context\":\"https:\/\/schema.org\",\"@graph\":[{\"@type\":\"WebPage\",\"@id\":\"https:\/\/blog.transformando.org\/index.php\/fotos-antiguas\/\",\"url\":\"https:\/\/blog.transformando.org\/index.php\/fotos-antiguas\/\",\"name\":\"FOTOS ANTIGUAS - Imagenes y palabras del mundo\",\"isPartOf\":{\"@id\":\"https:\/\/blog.transformando.org\/#website\"},\"primaryImageOfPage\":{\"@id\":\"https:\/\/blog.transformando.org\/index.php\/fotos-antiguas\/#primaryimage\"},\"image\":{\"@id\":\"https:\/\/blog.transformando.org\/index.php\/fotos-antiguas\/#primaryimage\"},\"thumbnailUrl\":\"https:\/\/blog.transformando.org\/wp-content\/uploads\/2016\/01\/p1250747.jpg\",\"datePublished\":\"2016-01-10T12:16:58+00:00\",\"breadcrumb\":{\"@id\":\"https:\/\/blog.transformando.org\/index.php\/fotos-antiguas\/#breadcrumb\"},\"inLanguage\":\"es\",\"potentialAction\":[{\"@type\":\"ReadAction\",\"target\":[\"https:\/\/blog.transformando.org\/index.php\/fotos-antiguas\/\"]}]},{\"@type\":\"ImageObject\",\"inLanguage\":\"es\",\"@id\":\"https:\/\/blog.transformando.org\/index.php\/fotos-antiguas\/#primaryimage\",\"url\":\"https:\/\/blog.transformando.org\/wp-content\/uploads\/2016\/01\/p1250747.jpg\",\"contentUrl\":\"https:\/\/blog.transformando.org\/wp-content\/uploads\/2016\/01\/p1250747.jpg\"},{\"@type\":\"BreadcrumbList\",\"@id\":\"https:\/\/blog.transformando.org\/index.php\/fotos-antiguas\/#breadcrumb\",\"itemListElement\":[{\"@type\":\"ListItem\",\"position\":1,\"name\":\"Home\",\"item\":\"https:\/\/blog.transformando.org\/\"},{\"@type\":\"ListItem\",\"position\":2,\"name\":\"FOTOS ANTIGUAS\"}]},{\"@type\":\"WebSite\",\"@id\":\"https:\/\/blog.transformando.org\/#website\",\"url\":\"https:\/\/blog.transformando.org\/\",\"name\":\"Imagenes y palabras del mundo\",\"description\":\"Fotos, textos, diarios, pinturas del mundo. Elaboradas por Jos\u00e9 M\u00aa Men\u00e9ndez\",\"potentialAction\":[{\"@type\":\"SearchAction\",\"target\":{\"@type\":\"EntryPoint\",\"urlTemplate\":\"https:\/\/blog.transformando.org\/?s={search_term_string}\"},\"query-input\":{\"@type\":\"PropertyValueSpecification\",\"valueRequired\":true,\"valueName\":\"search_term_string\"}}],\"inLanguage\":\"es\"}]}<\/script>\n<!-- \/ Yoast SEO plugin. -->","yoast_head_json":{"title":"FOTOS ANTIGUAS - Imagenes y palabras del mundo","robots":{"index":"index","follow":"follow","max-snippet":"max-snippet:-1","max-image-preview":"max-image-preview:large","max-video-preview":"max-video-preview:-1"},"canonical":"https:\/\/blog.transformando.org\/index.php\/fotos-antiguas\/","og_locale":"es_ES","og_type":"article","og_title":"FOTOS ANTIGUAS - Imagenes y palabras del mundo","og_description":"foto del abuelo en el peri\u00f3dico","og_url":"https:\/\/blog.transformando.org\/index.php\/fotos-antiguas\/","og_site_name":"Imagenes y palabras del mundo","og_image":[{"url":"https:\/\/blog.transformando.org\/wp-content\/uploads\/2016\/01\/p1250747.jpg","type":"","width":"","height":""}],"twitter_card":"summary_large_image","twitter_misc":{"Tiempo de lectura":"1 minuto"},"schema":{"@context":"https:\/\/schema.org","@graph":[{"@type":"WebPage","@id":"https:\/\/blog.transformando.org\/index.php\/fotos-antiguas\/","url":"https:\/\/blog.transformando.org\/index.php\/fotos-antiguas\/","name":"FOTOS ANTIGUAS - Imagenes y palabras del mundo","isPartOf":{"@id":"https:\/\/blog.transformando.org\/#website"},"primaryImageOfPage":{"@id":"https:\/\/blog.transformando.org\/index.php\/fotos-antiguas\/#primaryimage"},"image":{"@id":"https:\/\/blog.transformando.org\/index.php\/fotos-antiguas\/#primaryimage"},"thumbnailUrl":"https:\/\/blog.transformando.org\/wp-content\/uploads\/2016\/01\/p1250747.jpg","datePublished":"2016-01-10T12:16:58+00:00","breadcrumb":{"@id":"https:\/\/blog.transformando.org\/index.php\/fotos-antiguas\/#breadcrumb"},"inLanguage":"es","potentialAction":[{"@type":"ReadAction","target":["https:\/\/blog.transformando.org\/index.php\/fotos-antiguas\/"]}]},{"@type":"ImageObject","inLanguage":"es","@id":"https:\/\/blog.transformando.org\/index.php\/fotos-antiguas\/#primaryimage","url":"https:\/\/blog.transformando.org\/wp-content\/uploads\/2016\/01\/p1250747.jpg","contentUrl":"https:\/\/blog.transformando.org\/wp-content\/uploads\/2016\/01\/p1250747.jpg"},{"@type":"BreadcrumbList","@id":"https:\/\/blog.transformando.org\/index.php\/fotos-antiguas\/#breadcrumb","itemListElement":[{"@type":"ListItem","position":1,"name":"Home","item":"https:\/\/blog.transformando.org\/"},{"@type":"ListItem","position":2,"name":"FOTOS ANTIGUAS"}]},{"@type":"WebSite","@id":"https:\/\/blog.transformando.org\/#website","url":"https:\/\/blog.transformando.org\/","name":"Imagenes y palabras del mundo","description":"Fotos, textos, diarios, pinturas del mundo. Elaboradas por Jos\u00e9 M\u00aa Men\u00e9ndez","potentialAction":[{"@type":"SearchAction","target":{"@type":"EntryPoint","urlTemplate":"https:\/\/blog.transformando.org\/?s={search_term_string}"},"query-input":{"@type":"PropertyValueSpecification","valueRequired":true,"valueName":"search_term_string"}}],"inLanguage":"es"}]}},"_links":{"self":[{"href":"https:\/\/blog.transformando.org\/index.php\/wp-json\/wp\/v2\/pages\/541"}],"collection":[{"href":"https:\/\/blog.transformando.org\/index.php\/wp-json\/wp\/v2\/pages"}],"about":[{"href":"https:\/\/blog.transformando.org\/index.php\/wp-json\/wp\/v2\/types\/page"}],"author":[{"embeddable":true,"href":"https:\/\/blog.transformando.org\/index.php\/wp-json\/wp\/v2\/users\/2"}],"replies":[{"embeddable":true,"href":"https:\/\/blog.transformando.org\/index.php\/wp-json\/wp\/v2\/comments?post=541"}],"version-history":[{"count":0,"href":"https:\/\/blog.transformando.org\/index.php\/wp-json\/wp\/v2\/pages\/541\/revisions"}],"wp:attachment":[{"href":"https:\/\/blog.transformando.org\/index.php\/wp-json\/wp\/v2\/media?parent=541"}],"curies":[{"name":"wp","href":"https:\/\/api.w.org\/{rel}","templated":true}]}}