{"id":100,"date":"2015-12-31T11:36:58","date_gmt":"2015-12-31T11:36:58","guid":{"rendered":"https:\/\/blog.transformando.org\/?page_id=100"},"modified":"2015-12-31T11:36:58","modified_gmt":"2015-12-31T11:36:58","slug":"san-ildefonso-la-granja","status":"publish","type":"page","link":"https:\/\/blog.transformando.org\/index.php\/san-ildefonso-la-granja\/","title":{"rendered":"SAN ILDEFONSO (LA GRANJA)"},"content":{"rendered":"<p>Real Sitio de San Ildefonso, mi lugar de nacimiento y el de una rama de mi familia.<\/p>\n<p>Un lugar objetivamente privilegiado, escogido por los reyes m\u00e1s poderosos del momento para disfrutar. Su palacio se acompa\u00f1a del jard\u00edn hist\u00f3rico mejor conservado de Europa. A su vez, en medio de un gigantesco bosque de pino Valsa\u00edn, tambi\u00e9n el m\u00e1s grande de Europa.<\/p>\n<p>Junto al Parque Nacional de Pe\u00f1alara y a 8 km de Segovia, Patrimonio de la Humanidad.<\/p>\n<p>&nbsp;<\/p>\n<figure id=\"attachment_275\" aria-describedby=\"caption-attachment-275\" style=\"width: 225px\" class=\"wp-caption alignnone\"><a href=\"https:\/\/blog.transformando.org\/wp-content\/uploads\/2015\/09\/navidad-la-granja-2011-033.jpg\" rel=\"attachment wp-att-275\"><img loading=\"lazy\" decoding=\"async\" class=\"wp-image-275 size-medium\" src=\"https:\/\/blog.transformando.org\/wp-content\/uploads\/2015\/09\/navidad-la-granja-2011-033.jpg?w=225\" alt=\"navidad LA GRANJA 2011 033\" width=\"225\" height=\"300\" \/><\/a><figcaption id=\"caption-attachment-275\" class=\"wp-caption-text\">Fuente del ni\u00f1o<\/figcaption><\/figure>\n<figure id=\"attachment_269\" aria-describedby=\"caption-attachment-269\" style=\"width: 3264px\" class=\"wp-caption alignnone\"><a href=\"https:\/\/blog.transformando.org\/wp-content\/uploads\/2015\/09\/en-la-casa-del-cebo.jpg\" rel=\"attachment wp-att-269\"><img loading=\"lazy\" decoding=\"async\" class=\"wp-image-269 size-full\" src=\"https:\/\/blog.transformando.org\/wp-content\/uploads\/2015\/09\/en-la-casa-del-cebo.jpg\" alt=\"En la \" width=\"3264\" height=\"1832\" \/><\/a><figcaption id=\"caption-attachment-269\" class=\"wp-caption-text\">Casa del cebo<\/figcaption><\/figure>\n<figure id=\"attachment_268\" aria-describedby=\"caption-attachment-268\" style=\"width: 2440px\" class=\"wp-caption alignnone\"><a href=\"https:\/\/blog.transformando.org\/wp-content\/uploads\/2015\/09\/efecto-lucic3a9rnaga.jpg\" rel=\"attachment wp-att-268\"><img loading=\"lazy\" decoding=\"async\" class=\"wp-image-268 size-full\" src=\"https:\/\/blog.transformando.org\/wp-content\/uploads\/2015\/09\/efecto-lucic3a9rnaga.jpg\" alt=\"efecto luci\u00e9rnaga\" width=\"2440\" height=\"1832\" \/><\/a><figcaption id=\"caption-attachment-268\" class=\"wp-caption-text\">Amanece en la \u00abpine line\u00bb<\/figcaption><\/figure>\n<figure id=\"attachment_262\" aria-describedby=\"caption-attachment-262\" style=\"width: 3264px\" class=\"wp-caption alignnone\"><a href=\"https:\/\/blog.transformando.org\/wp-content\/uploads\/2015\/09\/chorro-chico-feb-2015.jpg\" rel=\"attachment wp-att-262\"><img loading=\"lazy\" decoding=\"async\" class=\"wp-image-262 size-full\" src=\"https:\/\/blog.transformando.org\/wp-content\/uploads\/2015\/09\/chorro-chico-feb-2015.jpg\" alt=\"\" width=\"3264\" height=\"2448\" \/><\/a><figcaption id=\"caption-attachment-262\" class=\"wp-caption-text\">Chorro chico feb 2015<\/figcaption><\/figure>\n<p><img loading=\"lazy\" decoding=\"async\" class=\"alignnone size-full wp-image-25\" src=\"https:\/\/blog.transformando.org\/wp-content\/uploads\/2015\/10\/ventisca-de-nieve-en-los-jardines.jpg\" alt=\"VENTISCA DE NIEVE EN LOS JARDINES\" width=\"2048\" height=\"1536\" srcset=\"https:\/\/blog.transformando.org\/wp-content\/uploads\/2015\/10\/ventisca-de-nieve-en-los-jardines.jpg 2048w, https:\/\/blog.transformando.org\/wp-content\/uploads\/2015\/10\/ventisca-de-nieve-en-los-jardines-300x225.jpg 300w, https:\/\/blog.transformando.org\/wp-content\/uploads\/2015\/10\/ventisca-de-nieve-en-los-jardines-768x576.jpg 768w, https:\/\/blog.transformando.org\/wp-content\/uploads\/2015\/10\/ventisca-de-nieve-en-los-jardines-1024x768.jpg 1024w, https:\/\/blog.transformando.org\/wp-content\/uploads\/2015\/10\/ventisca-de-nieve-en-los-jardines-1200x900.jpg 1200w\" sizes=\"(max-width: 709px) 85vw, (max-width: 909px) 67vw, (max-width: 1362px) 62vw, 840px\" \/><img loading=\"lazy\" decoding=\"async\" class=\"alignnone size-full wp-image-3\" src=\"https:\/\/blog.transformando.org\/wp-content\/uploads\/2015\/09\/todos-los-colores-en-los-jardines-de-san-ildefonso.jpg\" alt=\"todos los colores en los jardines de San Ildefonso\" width=\"2048\" height=\"1536\" \/><img loading=\"lazy\" decoding=\"async\" class=\"alignnone size-full wp-image-33\" src=\"https:\/\/blog.transformando.org\/wp-content\/uploads\/2015\/10\/p1330468.jpg\" alt=\"P1330468\" width=\"2560\" height=\"1920\" srcset=\"https:\/\/blog.transformando.org\/wp-content\/uploads\/2015\/10\/p1330468.jpg 2560w, https:\/\/blog.transformando.org\/wp-content\/uploads\/2015\/10\/p1330468-300x225.jpg 300w, https:\/\/blog.transformando.org\/wp-content\/uploads\/2015\/10\/p1330468-768x576.jpg 768w, https:\/\/blog.transformando.org\/wp-content\/uploads\/2015\/10\/p1330468-1024x768.jpg 1024w, https:\/\/blog.transformando.org\/wp-content\/uploads\/2015\/10\/p1330468-1200x900.jpg 1200w\" sizes=\"(max-width: 709px) 85vw, (max-width: 909px) 67vw, (max-width: 1362px) 62vw, 840px\" \/><\/p>\n<figure id=\"attachment_277\" aria-describedby=\"caption-attachment-277\" style=\"width: 3264px\" class=\"wp-caption alignnone\"><a href=\"https:\/\/blog.transformando.org\/wp-content\/uploads\/2015\/12\/un-clc3a1sico.jpg\" rel=\"attachment wp-att-277\"><img loading=\"lazy\" decoding=\"async\" class=\"wp-image-277 size-full\" src=\"https:\/\/blog.transformando.org\/wp-content\/uploads\/2015\/12\/un-clc3a1sico.jpg\" alt=\"\" width=\"3264\" height=\"1832\" \/><\/a><figcaption id=\"caption-attachment-277\" class=\"wp-caption-text\">Un cl\u00e1sico<\/figcaption><\/figure>\n<figure id=\"attachment_121\" aria-describedby=\"caption-attachment-121\" style=\"width: 2560px\" class=\"wp-caption alignnone\"><a href=\"https:\/\/blog.transformando.org\/wp-content\/uploads\/2015\/12\/posada-riojana-09-004.jpg\" rel=\"attachment wp-att-121\"><img loading=\"lazy\" decoding=\"async\" class=\"wp-image-121 size-full\" src=\"https:\/\/blog.transformando.org\/wp-content\/uploads\/2015\/12\/posada-riojana-09-004.jpg\" alt=\"posada riojana 09 004\" width=\"2560\" height=\"1920\" srcset=\"https:\/\/blog.transformando.org\/wp-content\/uploads\/2015\/12\/posada-riojana-09-004.jpg 2560w, https:\/\/blog.transformando.org\/wp-content\/uploads\/2015\/12\/posada-riojana-09-004-300x225.jpg 300w, https:\/\/blog.transformando.org\/wp-content\/uploads\/2015\/12\/posada-riojana-09-004-768x576.jpg 768w, https:\/\/blog.transformando.org\/wp-content\/uploads\/2015\/12\/posada-riojana-09-004-1024x768.jpg 1024w, https:\/\/blog.transformando.org\/wp-content\/uploads\/2015\/12\/posada-riojana-09-004-1200x900.jpg 1200w\" sizes=\"(max-width: 709px) 85vw, (max-width: 909px) 67vw, (max-width: 1362px) 62vw, 840px\" \/><\/a><figcaption id=\"caption-attachment-121\" class=\"wp-caption-text\">Fuente de los dragones<\/figcaption><\/figure>\n<figure id=\"attachment_122\" aria-describedby=\"caption-attachment-122\" style=\"width: 3264px\" class=\"wp-caption alignnone\"><a href=\"https:\/\/blog.transformando.org\/wp-content\/uploads\/2015\/12\/p1330445.jpg\" rel=\"attachment wp-att-122\"><img loading=\"lazy\" decoding=\"async\" class=\"wp-image-122 size-full\" src=\"https:\/\/blog.transformando.org\/wp-content\/uploads\/2015\/12\/p1330445.jpg\" alt=\"P1330445\" width=\"3264\" height=\"1840\" srcset=\"https:\/\/blog.transformando.org\/wp-content\/uploads\/2015\/12\/p1330445.jpg 3264w, https:\/\/blog.transformando.org\/wp-content\/uploads\/2015\/12\/p1330445-300x169.jpg 300w, https:\/\/blog.transformando.org\/wp-content\/uploads\/2015\/12\/p1330445-768x433.jpg 768w, https:\/\/blog.transformando.org\/wp-content\/uploads\/2015\/12\/p1330445-1024x577.jpg 1024w, https:\/\/blog.transformando.org\/wp-content\/uploads\/2015\/12\/p1330445-1200x676.jpg 1200w\" sizes=\"(max-width: 709px) 85vw, (max-width: 909px) 67vw, (max-width: 1362px) 62vw, 840px\" \/><\/a><figcaption id=\"caption-attachment-122\" class=\"wp-caption-text\">Paseo<\/figcaption><\/figure>\n<figure id=\"attachment_123\" aria-describedby=\"caption-attachment-123\" style=\"width: 1600px\" class=\"wp-caption alignnone\"><a href=\"https:\/\/blog.transformando.org\/wp-content\/uploads\/2015\/12\/cormoran-mar-de-los-jardines-de-si.jpg\" rel=\"attachment wp-att-123\"><img loading=\"lazy\" decoding=\"async\" class=\"wp-image-123 size-full\" src=\"https:\/\/blog.transformando.org\/wp-content\/uploads\/2015\/12\/cormoran-mar-de-los-jardines-de-si.jpg\" alt=\"de SI\" width=\"1600\" height=\"1200\" srcset=\"https:\/\/blog.transformando.org\/wp-content\/uploads\/2015\/12\/cormoran-mar-de-los-jardines-de-si.jpg 1600w, https:\/\/blog.transformando.org\/wp-content\/uploads\/2015\/12\/cormoran-mar-de-los-jardines-de-si-300x225.jpg 300w, https:\/\/blog.transformando.org\/wp-content\/uploads\/2015\/12\/cormoran-mar-de-los-jardines-de-si-768x576.jpg 768w, https:\/\/blog.transformando.org\/wp-content\/uploads\/2015\/12\/cormoran-mar-de-los-jardines-de-si-1024x768.jpg 1024w, https:\/\/blog.transformando.org\/wp-content\/uploads\/2015\/12\/cormoran-mar-de-los-jardines-de-si-1200x900.jpg 1200w\" sizes=\"(max-width: 709px) 85vw, (max-width: 909px) 67vw, (max-width: 1362px) 62vw, 840px\" \/><\/a><figcaption id=\"caption-attachment-123\" class=\"wp-caption-text\">Cormoran mar de los jardines<\/figcaption><\/figure>\n<figure id=\"attachment_125\" aria-describedby=\"caption-attachment-125\" style=\"width: 3264px\" class=\"wp-caption alignnone\"><a href=\"https:\/\/blog.transformando.org\/wp-content\/uploads\/2015\/12\/doctor-zhivago.jpg\" rel=\"attachment wp-att-125\"><img loading=\"lazy\" decoding=\"async\" class=\"wp-image-125 size-full\" src=\"https:\/\/blog.transformando.org\/wp-content\/uploads\/2015\/12\/doctor-zhivago.jpg\" alt=\"\" width=\"3264\" height=\"1840\" srcset=\"https:\/\/blog.transformando.org\/wp-content\/uploads\/2015\/12\/doctor-zhivago.jpg 3264w, https:\/\/blog.transformando.org\/wp-content\/uploads\/2015\/12\/doctor-zhivago-300x169.jpg 300w, https:\/\/blog.transformando.org\/wp-content\/uploads\/2015\/12\/doctor-zhivago-768x433.jpg 768w, https:\/\/blog.transformando.org\/wp-content\/uploads\/2015\/12\/doctor-zhivago-1024x577.jpg 1024w, https:\/\/blog.transformando.org\/wp-content\/uploads\/2015\/12\/doctor-zhivago-1200x676.jpg 1200w\" sizes=\"(max-width: 709px) 85vw, (max-width: 909px) 67vw, (max-width: 1362px) 62vw, 840px\" \/><\/a><figcaption id=\"caption-attachment-125\" class=\"wp-caption-text\">doctor Zhivago<\/figcaption><\/figure>\n","protected":false},"excerpt":{"rendered":"<p>Real Sitio de San Ildefonso, mi lugar de nacimiento y el de una rama de mi familia. Un lugar objetivamente privilegiado, escogido por los reyes m\u00e1s poderosos del momento para disfrutar. Su palacio se acompa\u00f1a del jard\u00edn hist\u00f3rico mejor conservado de Europa. A su vez, en medio de un gigantesco bosque de pino Valsa\u00edn, tambi\u00e9n &hellip; <a href=\"https:\/\/blog.transformando.org\/index.php\/san-ildefonso-la-granja\/\" class=\"more-link\">Continuar leyendo<span class=\"screen-reader-text\"> \u00abSAN ILDEFONSO (LA GRANJA)\u00bb<\/span><\/a><\/p>\n","protected":false},"author":2,"featured_media":0,"parent":0,"menu_order":0,"comment_status":"closed","ping_status":"closed","template":"","meta":{"footnotes":""},"yoast_head":"<!-- This site is optimized with the Yoast SEO plugin v24.5 - https:\/\/yoast.com\/wordpress\/plugins\/seo\/ -->\n<title>SAN ILDEFONSO (LA GRANJA) - Imagenes y palabras del mundo<\/title>\n<meta name=\"robots\" content=\"index, follow, max-snippet:-1, max-image-preview:large, max-video-preview:-1\" \/>\n<link rel=\"canonical\" href=\"https:\/\/blog.transformando.org\/index.php\/san-ildefonso-la-granja\/\" \/>\n<meta property=\"og:locale\" content=\"es_ES\" \/>\n<meta property=\"og:type\" content=\"article\" \/>\n<meta property=\"og:title\" content=\"SAN ILDEFONSO (LA GRANJA) - Imagenes y palabras del mundo\" \/>\n<meta property=\"og:description\" content=\"Real Sitio de San Ildefonso, mi lugar de nacimiento y el de una rama de mi familia. Un lugar objetivamente privilegiado, escogido por los reyes m\u00e1s poderosos del momento para disfrutar. Su palacio se acompa\u00f1a del jard\u00edn hist\u00f3rico mejor conservado de Europa. A su vez, en medio de un gigantesco bosque de pino Valsa\u00edn, tambi\u00e9n &hellip; Continuar leyendo &quot;SAN ILDEFONSO (LA GRANJA)&quot;\" \/>\n<meta property=\"og:url\" content=\"https:\/\/blog.transformando.org\/index.php\/san-ildefonso-la-granja\/\" \/>\n<meta property=\"og:site_name\" content=\"Imagenes y palabras del mundo\" \/>\n<meta property=\"og:image\" content=\"https:\/\/blog.transformando.org\/wp-content\/uploads\/2015\/09\/navidad-la-granja-2011-033.jpg?w=225\" \/>\n<meta name=\"twitter:card\" content=\"summary_large_image\" \/>\n<meta name=\"twitter:label1\" content=\"Tiempo de lectura\" \/>\n\t<meta name=\"twitter:data1\" content=\"1 minuto\" \/>\n<script type=\"application\/ld+json\" class=\"yoast-schema-graph\">{\"@context\":\"https:\/\/schema.org\",\"@graph\":[{\"@type\":\"WebPage\",\"@id\":\"https:\/\/blog.transformando.org\/index.php\/san-ildefonso-la-granja\/\",\"url\":\"https:\/\/blog.transformando.org\/index.php\/san-ildefonso-la-granja\/\",\"name\":\"SAN ILDEFONSO (LA GRANJA) - Imagenes y palabras del mundo\",\"isPartOf\":{\"@id\":\"https:\/\/blog.transformando.org\/#website\"},\"primaryImageOfPage\":{\"@id\":\"https:\/\/blog.transformando.org\/index.php\/san-ildefonso-la-granja\/#primaryimage\"},\"image\":{\"@id\":\"https:\/\/blog.transformando.org\/index.php\/san-ildefonso-la-granja\/#primaryimage\"},\"thumbnailUrl\":\"https:\/\/blog.transformando.org\/wp-content\/uploads\/2015\/09\/navidad-la-granja-2011-033.jpg?w=225\",\"datePublished\":\"2015-12-31T11:36:58+00:00\",\"breadcrumb\":{\"@id\":\"https:\/\/blog.transformando.org\/index.php\/san-ildefonso-la-granja\/#breadcrumb\"},\"inLanguage\":\"es\",\"potentialAction\":[{\"@type\":\"ReadAction\",\"target\":[\"https:\/\/blog.transformando.org\/index.php\/san-ildefonso-la-granja\/\"]}]},{\"@type\":\"ImageObject\",\"inLanguage\":\"es\",\"@id\":\"https:\/\/blog.transformando.org\/index.php\/san-ildefonso-la-granja\/#primaryimage\",\"url\":\"https:\/\/blog.transformando.org\/wp-content\/uploads\/2015\/09\/navidad-la-granja-2011-033.jpg?w=225\",\"contentUrl\":\"https:\/\/blog.transformando.org\/wp-content\/uploads\/2015\/09\/navidad-la-granja-2011-033.jpg?w=225\"},{\"@type\":\"BreadcrumbList\",\"@id\":\"https:\/\/blog.transformando.org\/index.php\/san-ildefonso-la-granja\/#breadcrumb\",\"itemListElement\":[{\"@type\":\"ListItem\",\"position\":1,\"name\":\"Home\",\"item\":\"https:\/\/blog.transformando.org\/\"},{\"@type\":\"ListItem\",\"position\":2,\"name\":\"SAN ILDEFONSO (LA GRANJA)\"}]},{\"@type\":\"WebSite\",\"@id\":\"https:\/\/blog.transformando.org\/#website\",\"url\":\"https:\/\/blog.transformando.org\/\",\"name\":\"Imagenes y palabras del mundo\",\"description\":\"Fotos, textos, diarios, pinturas del mundo. Elaboradas por Jos\u00e9 M\u00aa Men\u00e9ndez\",\"potentialAction\":[{\"@type\":\"SearchAction\",\"target\":{\"@type\":\"EntryPoint\",\"urlTemplate\":\"https:\/\/blog.transformando.org\/?s={search_term_string}\"},\"query-input\":{\"@type\":\"PropertyValueSpecification\",\"valueRequired\":true,\"valueName\":\"search_term_string\"}}],\"inLanguage\":\"es\"}]}<\/script>\n<!-- \/ Yoast SEO plugin. -->","yoast_head_json":{"title":"SAN ILDEFONSO (LA GRANJA) - Imagenes y palabras del mundo","robots":{"index":"index","follow":"follow","max-snippet":"max-snippet:-1","max-image-preview":"max-image-preview:large","max-video-preview":"max-video-preview:-1"},"canonical":"https:\/\/blog.transformando.org\/index.php\/san-ildefonso-la-granja\/","og_locale":"es_ES","og_type":"article","og_title":"SAN ILDEFONSO (LA GRANJA) - Imagenes y palabras del mundo","og_description":"Real Sitio de San Ildefonso, mi lugar de nacimiento y el de una rama de mi familia. Un lugar objetivamente privilegiado, escogido por los reyes m\u00e1s poderosos del momento para disfrutar. Su palacio se acompa\u00f1a del jard\u00edn hist\u00f3rico mejor conservado de Europa. A su vez, en medio de un gigantesco bosque de pino Valsa\u00edn, tambi\u00e9n &hellip; Continuar leyendo \"SAN ILDEFONSO (LA GRANJA)\"","og_url":"https:\/\/blog.transformando.org\/index.php\/san-ildefonso-la-granja\/","og_site_name":"Imagenes y palabras del mundo","og_image":[{"url":"https:\/\/blog.transformando.org\/wp-content\/uploads\/2015\/09\/navidad-la-granja-2011-033.jpg?w=225","type":"","width":"","height":""}],"twitter_card":"summary_large_image","twitter_misc":{"Tiempo de lectura":"1 minuto"},"schema":{"@context":"https:\/\/schema.org","@graph":[{"@type":"WebPage","@id":"https:\/\/blog.transformando.org\/index.php\/san-ildefonso-la-granja\/","url":"https:\/\/blog.transformando.org\/index.php\/san-ildefonso-la-granja\/","name":"SAN ILDEFONSO (LA GRANJA) - Imagenes y palabras del mundo","isPartOf":{"@id":"https:\/\/blog.transformando.org\/#website"},"primaryImageOfPage":{"@id":"https:\/\/blog.transformando.org\/index.php\/san-ildefonso-la-granja\/#primaryimage"},"image":{"@id":"https:\/\/blog.transformando.org\/index.php\/san-ildefonso-la-granja\/#primaryimage"},"thumbnailUrl":"https:\/\/blog.transformando.org\/wp-content\/uploads\/2015\/09\/navidad-la-granja-2011-033.jpg?w=225","datePublished":"2015-12-31T11:36:58+00:00","breadcrumb":{"@id":"https:\/\/blog.transformando.org\/index.php\/san-ildefonso-la-granja\/#breadcrumb"},"inLanguage":"es","potentialAction":[{"@type":"ReadAction","target":["https:\/\/blog.transformando.org\/index.php\/san-ildefonso-la-granja\/"]}]},{"@type":"ImageObject","inLanguage":"es","@id":"https:\/\/blog.transformando.org\/index.php\/san-ildefonso-la-granja\/#primaryimage","url":"https:\/\/blog.transformando.org\/wp-content\/uploads\/2015\/09\/navidad-la-granja-2011-033.jpg?w=225","contentUrl":"https:\/\/blog.transformando.org\/wp-content\/uploads\/2015\/09\/navidad-la-granja-2011-033.jpg?w=225"},{"@type":"BreadcrumbList","@id":"https:\/\/blog.transformando.org\/index.php\/san-ildefonso-la-granja\/#breadcrumb","itemListElement":[{"@type":"ListItem","position":1,"name":"Home","item":"https:\/\/blog.transformando.org\/"},{"@type":"ListItem","position":2,"name":"SAN ILDEFONSO (LA GRANJA)"}]},{"@type":"WebSite","@id":"https:\/\/blog.transformando.org\/#website","url":"https:\/\/blog.transformando.org\/","name":"Imagenes y palabras del mundo","description":"Fotos, textos, diarios, pinturas del mundo. Elaboradas por Jos\u00e9 M\u00aa Men\u00e9ndez","potentialAction":[{"@type":"SearchAction","target":{"@type":"EntryPoint","urlTemplate":"https:\/\/blog.transformando.org\/?s={search_term_string}"},"query-input":{"@type":"PropertyValueSpecification","valueRequired":true,"valueName":"search_term_string"}}],"inLanguage":"es"}]}},"_links":{"self":[{"href":"https:\/\/blog.transformando.org\/index.php\/wp-json\/wp\/v2\/pages\/100"}],"collection":[{"href":"https:\/\/blog.transformando.org\/index.php\/wp-json\/wp\/v2\/pages"}],"about":[{"href":"https:\/\/blog.transformando.org\/index.php\/wp-json\/wp\/v2\/types\/page"}],"author":[{"embeddable":true,"href":"https:\/\/blog.transformando.org\/index.php\/wp-json\/wp\/v2\/users\/2"}],"replies":[{"embeddable":true,"href":"https:\/\/blog.transformando.org\/index.php\/wp-json\/wp\/v2\/comments?post=100"}],"version-history":[{"count":0,"href":"https:\/\/blog.transformando.org\/index.php\/wp-json\/wp\/v2\/pages\/100\/revisions"}],"wp:attachment":[{"href":"https:\/\/blog.transformando.org\/index.php\/wp-json\/wp\/v2\/media?parent=100"}],"curies":[{"name":"wp","href":"https:\/\/api.w.org\/{rel}","templated":true}]}}